{"id":44,"date":"2020-05-14T22:54:44","date_gmt":"2020-05-15T02:54:44","guid":{"rendered":"https:\/\/elite.cp03.id-3.net\/broker-details\/"},"modified":"2020-07-28T15:37:00","modified_gmt":"2020-07-28T19:37:00","slug":"broker-details","status":"publish","type":"page","link":"https:\/\/boreale.c21.ca\/en\/broker-details\/","title":{"rendered":"Broker details"},"content":{"rendered":"\t\t<div data-elementor-type=\"wp-page\" data-elementor-id=\"44\" class=\"elementor elementor-44\" data-elementor-post-type=\"page\">\n\t\t\t\t\t\t<section class=\"elementor-section elementor-top-section elementor-element elementor-element-3b7f4e98 elementor-section-boxed elementor-section-height-default elementor-section-height-default\" data-id=\"3b7f4e98\" data-element_type=\"section\" data-settings=\"{&quot;background_background&quot;:&quot;classic&quot;}\">\n\t\t\t\t\t\t<div class=\"elementor-container elementor-column-gap-no\">\n\t\t\t\t\t<div class=\"elementor-column elementor-col-100 elementor-top-column elementor-element elementor-element-76a8556a\" data-id=\"76a8556a\" data-element_type=\"column\">\n\t\t\t<div class=\"elementor-widget-wrap elementor-element-populated\">\n\t\t\t\t\t\t<div class=\"elementor-element elementor-element-ede9e78 elementor-widget-divider--view-line elementor-invisible elementor-widget elementor-widget-global elementor-global-862 elementor-widget-divider\" data-id=\"ede9e78\" data-element_type=\"widget\" data-settings=\"{&quot;_animation&quot;:&quot;slideInRight&quot;}\" data-widget_type=\"divider.default\">\n\t\t\t\t<div class=\"elementor-widget-container\">\n\t\t\t\t\t<div class=\"elementor-divider\">\n\t\t\t<span class=\"elementor-divider-separator\">\n\t\t\t\t\t\t<\/span>\n\t\t<\/div>\n\t\t\t\t<\/div>\n\t\t\t\t<\/div>\n\t\t\t\t<div class=\"elementor-element elementor-element-49f063f2 elementor-invisible elementor-widget elementor-widget-text-editor\" data-id=\"49f063f2\" data-element_type=\"widget\" data-settings=\"{&quot;_animation&quot;:&quot;fadeInUp&quot;}\" data-widget_type=\"text-editor.default\">\n\t\t\t\t<div class=\"elementor-widget-container\">\n\t\t\t\t\t\t\t\t\t\t\t\t\t<\/div>\n\t\t\t\t<\/div>\n\t\t\t\t\t<\/div>\n\t\t<\/div>\n\t\t\t\t\t<\/div>\n\t\t<\/section>\n\t\t\t\t<section class=\"elementor-section elementor-top-section elementor-element elementor-element-5ec427e5 elementor-section-boxed elementor-section-height-default elementor-section-height-default\" data-id=\"5ec427e5\" data-element_type=\"section\" ng-controller=\"singleBrokerCtrl\" ng-init=\"init(&#039;&#039;,true,&#039;Loading broker&#039;,true)\">\n\t\t\t\t\t\t<div class=\"elementor-container elementor-column-gap-default\">\n\t\t\t\t\t<div class=\"elementor-column elementor-col-100 elementor-top-column elementor-element elementor-element-265d95c9\" data-id=\"265d95c9\" data-element_type=\"column\">\n\t\t\t<div class=\"elementor-widget-wrap elementor-element-populated\">\n\t\t\t\t\t\t<section class=\"elementor-section elementor-inner-section elementor-element elementor-element-9bc74a7 elementor-section-boxed elementor-section-height-default elementor-section-height-default\" data-id=\"9bc74a7\" data-element_type=\"section\">\n\t\t\t\t\t\t<div class=\"elementor-container elementor-column-gap-default\">\n\t\t\t\t\t<div class=\"elementor-column elementor-col-33 elementor-inner-column elementor-element elementor-element-8c51cb9\" data-id=\"8c51cb9\" data-element_type=\"column\">\n\t\t\t<div class=\"elementor-widget-wrap elementor-element-populated\">\n\t\t\t\t\t\t<div class=\"elementor-element elementor-element-eef1077 elementor-widget elementor-widget-si_single_part\" data-id=\"eef1077\" data-element_type=\"widget\" data-widget_type=\"si_single_part.default\">\n\t\t\t\t<div class=\"elementor-widget-container\">\n\t\t\t<div class=\"si-part si- si-part-picture si si-part si-part-picture \" ><div class=\"si-picture\">\r\n        <img decoding=\"async\" src=\"{{model.photo.url}}\" \/>\r\n    <\/div><\/div>\t\t<\/div>\n\t\t\t\t<\/div>\n\t\t\t\t\t<\/div>\n\t\t<\/div>\n\t\t\t\t<div class=\"elementor-column elementor-col-33 elementor-inner-column elementor-element elementor-element-dc27a4b\" data-id=\"dc27a4b\" data-element_type=\"column\">\n\t\t\t<div class=\"elementor-widget-wrap elementor-element-populated\">\n\t\t\t\t\t\t<div class=\"elementor-element elementor-element-cf38095 elementor-widget__width-inherit elementor-widget-tablet__width-inherit elementor-widget elementor-widget-si_single_part\" data-id=\"cf38095\" data-element_type=\"widget\" data-widget_type=\"si_single_part.default\">\n\t\t\t\t<div class=\"elementor-widget-container\">\n\t\t\t<div class=\"si-part si- si-part-contact si si-part si-part-contact  si-allowed-elementor-typography\" ><div class=\"si-detail-section si-contact\">\r\n\r\n    <div class=\"si-actions\">\r\n        <div class=\"si-part si-align-stretch si-part-info-request si-prevent-typography\" ><div class=\"si-part si-align-stretch si-part-info-request-button \" >\r\n<div class=\"information_request\">\r\n    <button data-target=\"information_request\" ng-disabled=\"context.sending_message===true\" ng-if=\"request_sent == undefined\" type=\"button\" class=\"si-modal-trigger si-type-action si-button\"><si-icon class=\"{{context.sending_message===true ? 'fa-spin fa-spinner-third' : 'fa-info-circle'}}\"><\/si-icon> Information request<\/button><button data-target=\"information_request\" ng-disabled=\"true\" ng-if=\"request_sent === true\" type=\"button\" class=\"si-modal-trigger si-button\">Thank you<\/button><\/div>\r\n\r\n<\/div>\r\n<div class=\"si-part si-align-stretch si-part-info-request-modal \" >\r\n<si-modal \r\n    data-modal-id=\"information_request\" \r\n    data-modal-title=\"{{'Message for {0}'.siTranslate().siFormat(model.first_name)}}\"\r\n    data-ok-label=\"Send\"\r\n        data-on-ok=\"sendMessage()\"\r\n    data-on-validate=\"validateMessage($model)\">\r\n    \r\n    <div class=\"si-part si-align-stretch si-part-info-request-form \" >\r\n<div class=\"si-info-request form basic\">\r\n        <form name=\"requestForm\">\r\n        <div class=\"firstname si-input-container si-float-label\">\r\n            <label>First name<\/label>\r\n            <div class=\"si-input\">\r\n                <input type=\"text\" data-ng-model=\"message_model.firstname\" required \/>\r\n            <\/div>\r\n        <\/div>\r\n\r\n        <div class=\"lastname si-input-container si-float-label\">\r\n            <label>Last name<\/label>\r\n            <div class=\"si-input\" >\r\n                <input type=\"text\" data-ng-model=\"message_model.lastname\" required \/>\r\n            <\/div>\r\n        <\/div>\r\n\r\n        <div class=\"phone si-input-container si-float-label\">\r\n            <label>Phone<\/label>\r\n            <div class=\"si-input\">\r\n                <input type=\"text\" data-ng-model=\"message_model.phone\" required \/>\r\n            <\/div>\r\n        <\/div>\r\n\r\n        <div class=\"email si-input-container si-float-label\">\r\n            <label>Email<\/label>\r\n            <div class=\"si-input\">\r\n                <input type=\"email\" data-ng-model=\"message_model.email\" required \/>\r\n            <\/div>\r\n        <\/div>\r\n\r\n        <div class=\"subject si-input-container si-float-label\">\r\n            <label>Subject<\/label>\r\n            <div class=\"si-input\">\r\n                <input type=\"text\" data-ng-model=\"message_model.subject\" required \/>\r\n            <\/div>\r\n        <\/div>\r\n\r\n        <div class=\"message si-input-container si-float-label\">\r\n            <label>Message<\/label>\r\n            <div class=\"si-input\">\r\n                <textarea rows=\"5\" data-ng-model=\"message_model.message\"><\/textarea>\r\n            <\/div>\r\n        <\/div>\r\n    <\/form>\r\n    <\/div><\/div>    \r\n<\/si-modal><\/div><\/div>    <\/div>    \r\n\r\n    <div class=\"si-phone-list si-apply-typography\">\r\n        <div class=\"si-item si-phone-type-{{key}}\" data-ng-repeat=\"(key,phone) in model.phones\" ng-if=\"phone != ''\">\r\n            <a href=\"tel:{{phone}}\"><si-icon>{{getPhoneIcon(key)}}<\/si-icon> <span class=\"si-prefix\">{{key.siTranslate()}}:<\/span> <span class=\"si-label\">{{phone}}<\/span><\/a>\r\n        <\/div>\r\n    <\/div>\r\n    \r\n<\/div><\/div>\t\t<\/div>\n\t\t\t\t<\/div>\n\t\t\t\t<div class=\"elementor-element elementor-element-a2f319c elementor-widget__width-inherit elementor-widget-tablet__width-inherit elementor-widget elementor-widget-si_single_part\" data-id=\"a2f319c\" data-element_type=\"widget\" data-widget_type=\"si_single_part.default\">\n\t\t\t\t<div class=\"elementor-widget-container\">\n\t\t\t<div class=\"si-part si-align-center-start si-part-office si si-part si-part-office align-center-start\" ><div class=\"si-detail-section si-office\">\r\n    <div class=\"si-item-content\">\r\n        <div class=\"si-name notranslate\"><a href=\"{{model.office.permalink}}\" style=\"{{model.office.permalink=='' ? 'display:contents;pointer-events:none;' : ''}}\">{{model.office.agency.name}}<\/a><\/div>\r\n        <div class=\"si-license\">{{model.office.agency.license_type}}<\/div>\r\n\r\n        <div class=\"si-location\">\r\n            <div class=\"si-address\">{{model.office.location.address.street_number}} {{model.office.location.address.street_name}}, {{model.office.location.city}}<\/div>\r\n            <div class=\"si-country\">{{model.office.location.state}}, {{model.office.location.country}}<\/div>\r\n        <\/div>\r\n        \r\n    <\/div>\r\n<\/div><\/div>\t\t<\/div>\n\t\t\t\t<\/div>\n\t\t\t\t<div class=\"elementor-element elementor-element-4bfd800 si-background-small-contrast si-container-padding elementor-hidden-desktop elementor-widget elementor-widget-si_single_part\" data-id=\"4bfd800\" data-element_type=\"widget\" data-widget_type=\"si_single_part.default\">\n\t\t\t\t<div class=\"elementor-widget-container\">\n\t\t\t<div class=\"si-part si- si-part-specs si si-part si-part-specs \" ><div class=\"si-detail-section si-specs\" ng-if=\"[model.languages,model.experience_start_date] | siHasValue\">\r\n\r\n        <div class=\"si-extra-item\" ng-if=\"model.languages | siHasValue\">\r\n            <div class=\"si-label\">Spoken language(s)<\/div>\r\n            <div class=\"si-value {{model.languages.length > 1 ? 'si-multiple' : ''}}\">\r\n                <span ng-repeat=\"lang in model.languages\">{{lang | captionOf  : 'language'}}<\/span>\r\n            <\/div>\r\n        <\/div>\r\n\r\n        <div class=\"si-extra-item\" ng-if=\"model.experience_start_date | siHasValue\">\r\n            <div class=\"si-label\">Experience<\/div>\r\n            <div class=\"si-value\">\r\n                <span>{{model.experience_start_date | timeLength}}<\/span>\r\n            <\/div>\r\n        <\/div>\r\n\r\n        <div class=\"si-extra-item si-protections\" ng-if=\"model.protection_codes | siHasValue\">\r\n            <div class=\"si-label\">Protections<\/div>\r\n            <div class=\"si-value .{{model.protection_codes.join(' .').toLowerCase()}}\">\r\n                <span ng-repeat=\"protection in model.protection_codes\" class=\"{{protection.toLowerCase()}}\">\r\n                    <span>{{protection | captionOf : 'protection'}}<\/span>\r\n                <\/span>\r\n            <\/div>\r\n        <\/div>\r\n    \r\n<\/div><\/div>\t\t<\/div>\n\t\t\t\t<\/div>\n\t\t\t\t\t<\/div>\n\t\t<\/div>\n\t\t\t\t<div class=\"elementor-column elementor-col-33 elementor-inner-column elementor-element elementor-element-c1d764f elementor-hidden-tablet elementor-hidden-phone\" data-id=\"c1d764f\" data-element_type=\"column\">\n\t\t\t<div class=\"elementor-widget-wrap elementor-element-populated\">\n\t\t\t\t\t\t<div class=\"elementor-element elementor-element-1f745f4 si-background-small-contrast si-container-padding elementor-widget elementor-widget-si_single_part\" data-id=\"1f745f4\" data-element_type=\"widget\" data-widget_type=\"si_single_part.default\">\n\t\t\t\t<div class=\"elementor-widget-container\">\n\t\t\t<div class=\"si-part si- si-part-specs si si-part si-part-specs \" ><div class=\"si-detail-section si-specs\" ng-if=\"[model.languages,model.experience_start_date] | siHasValue\">\r\n\r\n        <div class=\"si-extra-item\" ng-if=\"model.languages | siHasValue\">\r\n            <div class=\"si-label\">Spoken language(s)<\/div>\r\n            <div class=\"si-value {{model.languages.length > 1 ? 'si-multiple' : ''}}\">\r\n                <span ng-repeat=\"lang in model.languages\">{{lang | captionOf  : 'language'}}<\/span>\r\n            <\/div>\r\n        <\/div>\r\n\r\n        <div class=\"si-extra-item\" ng-if=\"model.experience_start_date | siHasValue\">\r\n            <div class=\"si-label\">Experience<\/div>\r\n            <div class=\"si-value\">\r\n                <span>{{model.experience_start_date | timeLength}}<\/span>\r\n            <\/div>\r\n        <\/div>\r\n\r\n        <div class=\"si-extra-item si-protections\" ng-if=\"model.protection_codes | siHasValue\">\r\n            <div class=\"si-label\">Protections<\/div>\r\n            <div class=\"si-value .{{model.protection_codes.join(' .').toLowerCase()}}\">\r\n                <span ng-repeat=\"protection in model.protection_codes\" class=\"{{protection.toLowerCase()}}\">\r\n                    <span>{{protection | captionOf : 'protection'}}<\/span>\r\n                <\/span>\r\n            <\/div>\r\n        <\/div>\r\n    \r\n<\/div><\/div>\t\t<\/div>\n\t\t\t\t<\/div>\n\t\t\t\t\t<\/div>\n\t\t<\/div>\n\t\t\t\t\t<\/div>\n\t\t<\/section>\n\t\t\t\t<section class=\"elementor-section elementor-inner-section elementor-element elementor-element-5f6e9e6 elementor-section-boxed elementor-section-height-default elementor-section-height-default\" data-id=\"5f6e9e6\" data-element_type=\"section\">\n\t\t\t\t\t\t<div class=\"elementor-container elementor-column-gap-default\">\n\t\t\t\t\t<div class=\"elementor-column elementor-col-100 elementor-inner-column elementor-element elementor-element-360a079\" data-id=\"360a079\" data-element_type=\"column\">\n\t\t\t<div class=\"elementor-widget-wrap elementor-element-populated\">\n\t\t\t\t\t\t<div class=\"elementor-element elementor-element-b5014dd elementor-widget elementor-widget-si_single_part\" data-id=\"b5014dd\" data-element_type=\"widget\" data-widget_type=\"si_single_part.default\">\n\t\t\t\t<div class=\"elementor-widget-container\">\n\t\t\t<div class=\"si-part si- si-part-listings si si-part si-part-listings \" >        \r\n        <si-small-list class=\"listing-list si-list-of-listings\"\r\n                si-options='{show_header:true,filter:{max_item_count:0,sort_fields:\"\"}}'\r\n                                si-type=\"listings\" si-filters=\"{field:'brokers_ref_numbers', operator : 'array_contains', value: ''}\" ><\/si-small-list>\r\n        <script type=\"text\/ng-template\" id=\"si-template-for-listings\"><article class=\"si-item si-listing-item  si-single-layer-item-layout style-standard si-border  {{getClassList(item)}}\"  \r\n    data-ng-cloak>\r\n    <a href=\"{{item.permalink}}\">\r\n        <div class=\"si-item-content\">\r\n            <div class=\"si-layer-container\">\r\n            <div class=\"si-layer si-main-layer\" style=\"\"><div class=\"si-layer-content\"><div class=\"si-label-group si-background-high-contrast si-padding\" si-anchor-to=\"si-float-anchor\" style=\"--items-count:2\"><div class=\"si-label si-address si-text-truncate si-text-upper notranslate\" si-anchor-to=\"si-float-anchor\">{{item.location.civic_address}}<\/div><div class=\"si-label si-city si-text-truncate notranslate\" si-anchor-to=\"si-float-anchor\">{{item.location.city}}<\/div><\/div>      <div si-lazy-load class=\"si-image si-lazy-loading si-float-anchor\" >\r\n          <img data-si-src=\"{{item.photo_url}}\" data-si-error-src=\"~\/styles\/assets\/shadow_listing.jpg\" data-si-srcset=\"{{item.photo_url}}\" data-si-quality-preference=\"\" \/>\r\n      <\/div>         \r\n      <div class=\"si-label si-background-small-contrast si-padding si-big-emphasis si-price\" si-anchor-to=\"si-float-anchor\">{{formatPrice(item) || \"&nbsp;\"}}<\/div><div class=\"si-label si-background-small-contrast si-padding si-big-emphasis si-price-sold\" si-anchor-to=\"si-float-anchor\">{{formatPrice(item) || \"&nbsp;\"}}<\/div><div class=\"si-label-group si-padding\" si-anchor-to=\"si-float-anchor\" style=\"--items-count:3\"><div class=\"si-label si-font-emphasis si-category \" si-anchor-to=\"si-float-anchor\">{{item.category}}<\/div><div class=\"si-label si-text-truncate si-subcategory \" si-anchor-to=\"si-float-anchor\">{{item.subcategory}}<\/div><div class=\"si-label \" si-anchor-to=\"si-float-anchor\"><div class=\"si-rooms\"><div class=\"si-room {{icon}}\" ng-repeat=\"(icon,room) in item.counters.rooms\"><si-icon>{{icon}}<\/si-icon> <span class=\"si-count\">{{room.count}}<\/span> <span class=\"si-label\">{{room.label.siTranslate()}}<\/span><\/div><\/div><\/div><\/div>      <div class=\"si-label si-open-houses si-background-highlight si-padding si-big-emphasis si-float-bottom\" si-anchor-to=\"si-float-anchor\" si-hide-empty=\"hard\" si-hide-empty=\"hard\">\r\n          <div class=\"si-open-house-item\">\r\n              <si-icon>calendar-alt<\/si-icon> <span>{{'Open house'.siTranslate()}}<\/span> <span am-time-ago=\"item.open_houses[0].start_date\"><\/span>\r\n          <\/div>\r\n      <\/div>\r\n            <div class=\"si-flags si-float-top-right si-padding si-padding-size-slim si-padding si-padding-size-slim\" si-anchor-to=\"si-float-anchor\" si-hide-empty=\"hard\">\r\n          <div class=\"si-flag si-video\"><si-icon title=\"{{'Video'.siTranslate()}}\">video<\/si-icon> <span class=\"si-label\">{{'Video'.siTranslate()}}<\/span><\/div>\r\n          <div class=\"si-flag si-virtual-tour\"><si-icon title=\"{{'Virtual tour'.siTranslate()}}\">vr-cardboard<\/si-icon> <span class=\"si-label\">{{'Virtual tour'.siTranslate()}}<\/span><\/div>\r\n          <div class=\"si-flag si-new-item\"><si-icon title=\"{{'New'.siTranslate()}}\">star<\/si-icon> <span class=\"si-label\">{{'New'.siTranslate()}}<\/span><\/div>\r\n      <\/div>\r\n      <\/div><\/div>                \r\n        <\/div>\r\n    <\/a>\r\n<\/article>\r\n<\/script><\/div>\t\t<\/div>\n\t\t\t\t<\/div>\n\t\t\t\t\t<\/div>\n\t\t<\/div>\n\t\t\t\t\t<\/div>\n\t\t<\/section>\n\t\t\t\t\t<\/div>\n\t\t<\/div>\n\t\t\t\t\t<\/div>\n\t\t<\/section>\n\t\t\t\t<\/div>\n\t\t","protected":false},"excerpt":{"rendered":"<p>Lorem ipsum dolor sit amet, consectetur adipiscing elit. Single item part picture Pour joindre John (514) 555-9283 (514) 555-2611 Envoyer un message Merci Single item part contact Bureau Smallville 230 rue Principale, Smallville State, Country Single item part office Langue(s) parl\u00e9e(s) Fran\u00e7ais Exp\u00e9rience 11 ans Single item part specs Langue(s) parl\u00e9e(s) Fran\u00e7ais Exp\u00e9rience 11 ans [&hellip;]<\/p>\n","protected":false},"author":1,"featured_media":0,"parent":0,"menu_order":0,"comment_status":"closed","ping_status":"closed","template":"elementor_header_footer","meta":{"footnotes":""},"yoast_head":"<!-- This site is optimized with the Yoast SEO plugin v22.0 - https:\/\/yoast.com\/wordpress\/plugins\/seo\/ -->\n<title>Broker details - Century 21 Bor\u00e9ale<\/title>\n<meta name=\"robots\" content=\"index, follow, max-snippet:-1, max-image-preview:large, max-video-preview:-1\" \/>\n<link rel=\"canonical\" href=\"https:\/\/boreale.c21.ca\/en\/broker-details\/\" \/>\n<meta property=\"og:locale\" content=\"en_US\" \/>\n<meta property=\"og:type\" content=\"article\" \/>\n<meta property=\"og:title\" content=\"Broker details - Century 21 Bor\u00e9ale\" \/>\n<meta property=\"og:description\" content=\"Lorem ipsum dolor sit amet, consectetur adipiscing elit. Single item part picture Pour joindre John (514) 555-9283 (514) 555-2611 Envoyer un message Merci Single item part contact Bureau Smallville 230 rue Principale, Smallville State, Country Single item part office Langue(s) parl\u00e9e(s) Fran\u00e7ais Exp\u00e9rience 11 ans Single item part specs Langue(s) parl\u00e9e(s) Fran\u00e7ais Exp\u00e9rience 11 ans [&hellip;]\" \/>\n<meta property=\"og:url\" content=\"https:\/\/boreale.c21.ca\/en\/broker-details\/\" \/>\n<meta property=\"og:site_name\" content=\"Century 21 Bor\u00e9ale\" \/>\n<meta property=\"article:modified_time\" content=\"2020-07-28T19:37:00+00:00\" \/>\n<meta name=\"twitter:card\" content=\"summary_large_image\" \/>\n<meta name=\"twitter:label1\" content=\"Est. reading time\" \/>\n\t<meta name=\"twitter:data1\" content=\"1 minute\" \/>\n<script type=\"application\/ld+json\" class=\"yoast-schema-graph\">{\"@context\":\"https:\/\/schema.org\",\"@graph\":[{\"@type\":\"WebPage\",\"@id\":\"https:\/\/boreale.c21.ca\/en\/broker-details\/\",\"url\":\"https:\/\/boreale.c21.ca\/en\/broker-details\/\",\"name\":\"Broker details - Century 21 Bor\u00e9ale\",\"isPartOf\":{\"@id\":\"https:\/\/boreale.c21.ca\/en\/#website\"},\"datePublished\":\"2020-05-15T02:54:44+00:00\",\"dateModified\":\"2020-07-28T19:37:00+00:00\",\"breadcrumb\":{\"@id\":\"https:\/\/boreale.c21.ca\/en\/broker-details\/#breadcrumb\"},\"inLanguage\":\"en-US\",\"potentialAction\":[{\"@type\":\"ReadAction\",\"target\":[\"https:\/\/boreale.c21.ca\/en\/broker-details\/\"]}]},{\"@type\":\"BreadcrumbList\",\"@id\":\"https:\/\/boreale.c21.ca\/en\/broker-details\/#breadcrumb\",\"itemListElement\":[{\"@type\":\"ListItem\",\"position\":1,\"name\":\"Home\",\"item\":\"https:\/\/boreale.c21.ca\/en\/\"},{\"@type\":\"ListItem\",\"position\":2,\"name\":\"Broker details\"}]},{\"@type\":\"WebSite\",\"@id\":\"https:\/\/boreale.c21.ca\/en\/#website\",\"url\":\"https:\/\/boreale.c21.ca\/en\/\",\"name\":\"Century 21 Bor\u00e9ale\",\"description\":\"\",\"publisher\":{\"@id\":\"https:\/\/boreale.c21.ca\/en\/#organization\"},\"potentialAction\":[{\"@type\":\"SearchAction\",\"target\":{\"@type\":\"EntryPoint\",\"urlTemplate\":\"https:\/\/boreale.c21.ca\/en\/?s={search_term_string}\"},\"query-input\":\"required name=search_term_string\"}],\"inLanguage\":\"en-US\"},{\"@type\":\"Organization\",\"@id\":\"https:\/\/boreale.c21.ca\/en\/#organization\",\"name\":\"Century 21 Bor\u00e9ale\",\"url\":\"https:\/\/boreale.c21.ca\/en\/\",\"logo\":{\"@type\":\"ImageObject\",\"inLanguage\":\"en-US\",\"@id\":\"https:\/\/boreale.c21.ca\/en\/#\/schema\/logo\/image\/\",\"url\":\"https:\/\/boreale.c21.ca\/wp-content\/uploads\/2021\/05\/cropped-Century-21-Boreale-Real-Estate-Agency.png\",\"contentUrl\":\"https:\/\/boreale.c21.ca\/wp-content\/uploads\/2021\/05\/cropped-Century-21-Boreale-Real-Estate-Agency.png\",\"width\":1039,\"height\":296,\"caption\":\"Century 21 Bor\u00e9ale\"},\"image\":{\"@id\":\"https:\/\/boreale.c21.ca\/en\/#\/schema\/logo\/image\/\"}}]}<\/script>\n<!-- \/ Yoast SEO plugin. -->","yoast_head_json":{"title":"Broker details - Century 21 Bor\u00e9ale","robots":{"index":"index","follow":"follow","max-snippet":"max-snippet:-1","max-image-preview":"max-image-preview:large","max-video-preview":"max-video-preview:-1"},"canonical":"https:\/\/boreale.c21.ca\/en\/broker-details\/","og_locale":"en_US","og_type":"article","og_title":"Broker details - Century 21 Bor\u00e9ale","og_description":"Lorem ipsum dolor sit amet, consectetur adipiscing elit. Single item part picture Pour joindre John (514) 555-9283 (514) 555-2611 Envoyer un message Merci Single item part contact Bureau Smallville 230 rue Principale, Smallville State, Country Single item part office Langue(s) parl\u00e9e(s) Fran\u00e7ais Exp\u00e9rience 11 ans Single item part specs Langue(s) parl\u00e9e(s) Fran\u00e7ais Exp\u00e9rience 11 ans [&hellip;]","og_url":"https:\/\/boreale.c21.ca\/en\/broker-details\/","og_site_name":"Century 21 Bor\u00e9ale","article_modified_time":"2020-07-28T19:37:00+00:00","twitter_card":"summary_large_image","twitter_misc":{"Est. reading time":"1 minute"},"schema":{"@context":"https:\/\/schema.org","@graph":[{"@type":"WebPage","@id":"https:\/\/boreale.c21.ca\/en\/broker-details\/","url":"https:\/\/boreale.c21.ca\/en\/broker-details\/","name":"Broker details - Century 21 Bor\u00e9ale","isPartOf":{"@id":"https:\/\/boreale.c21.ca\/en\/#website"},"datePublished":"2020-05-15T02:54:44+00:00","dateModified":"2020-07-28T19:37:00+00:00","breadcrumb":{"@id":"https:\/\/boreale.c21.ca\/en\/broker-details\/#breadcrumb"},"inLanguage":"en-US","potentialAction":[{"@type":"ReadAction","target":["https:\/\/boreale.c21.ca\/en\/broker-details\/"]}]},{"@type":"BreadcrumbList","@id":"https:\/\/boreale.c21.ca\/en\/broker-details\/#breadcrumb","itemListElement":[{"@type":"ListItem","position":1,"name":"Home","item":"https:\/\/boreale.c21.ca\/en\/"},{"@type":"ListItem","position":2,"name":"Broker details"}]},{"@type":"WebSite","@id":"https:\/\/boreale.c21.ca\/en\/#website","url":"https:\/\/boreale.c21.ca\/en\/","name":"Century 21 Bor\u00e9ale","description":"","publisher":{"@id":"https:\/\/boreale.c21.ca\/en\/#organization"},"potentialAction":[{"@type":"SearchAction","target":{"@type":"EntryPoint","urlTemplate":"https:\/\/boreale.c21.ca\/en\/?s={search_term_string}"},"query-input":"required name=search_term_string"}],"inLanguage":"en-US"},{"@type":"Organization","@id":"https:\/\/boreale.c21.ca\/en\/#organization","name":"Century 21 Bor\u00e9ale","url":"https:\/\/boreale.c21.ca\/en\/","logo":{"@type":"ImageObject","inLanguage":"en-US","@id":"https:\/\/boreale.c21.ca\/en\/#\/schema\/logo\/image\/","url":"https:\/\/boreale.c21.ca\/wp-content\/uploads\/2021\/05\/cropped-Century-21-Boreale-Real-Estate-Agency.png","contentUrl":"https:\/\/boreale.c21.ca\/wp-content\/uploads\/2021\/05\/cropped-Century-21-Boreale-Real-Estate-Agency.png","width":1039,"height":296,"caption":"Century 21 Bor\u00e9ale"},"image":{"@id":"https:\/\/boreale.c21.ca\/en\/#\/schema\/logo\/image\/"}}]}},"_links":{"self":[{"href":"https:\/\/boreale.c21.ca\/en\/wp-json\/wp\/v2\/pages\/44"}],"collection":[{"href":"https:\/\/boreale.c21.ca\/en\/wp-json\/wp\/v2\/pages"}],"about":[{"href":"https:\/\/boreale.c21.ca\/en\/wp-json\/wp\/v2\/types\/page"}],"author":[{"embeddable":true,"href":"https:\/\/boreale.c21.ca\/en\/wp-json\/wp\/v2\/users\/1"}],"replies":[{"embeddable":true,"href":"https:\/\/boreale.c21.ca\/en\/wp-json\/wp\/v2\/comments?post=44"}],"version-history":[{"count":0,"href":"https:\/\/boreale.c21.ca\/en\/wp-json\/wp\/v2\/pages\/44\/revisions"}],"wp:attachment":[{"href":"https:\/\/boreale.c21.ca\/en\/wp-json\/wp\/v2\/media?parent=44"}],"curies":[{"name":"wp","href":"https:\/\/api.w.org\/{rel}","templated":true}]}}